{"id":9,"date":"2024-02-07T22:24:07","date_gmt":"2024-02-07T21:24:07","guid":{"rendered":"http:\/\/gtnugyved.hu\/?page_id=9"},"modified":"2025-05-15T10:40:22","modified_gmt":"2025-05-15T08:40:22","slug":"galgoczi-turkevi-nagy-ugyved-kecskemet","status":"publish","type":"page","link":"https:\/\/gtnugyved.hu\/?page_id=9","title":{"rendered":"El\u00e9rhet\u0151s\u00e9gek"},"content":{"rendered":"\n<div style=\"height:21px\" aria-hidden=\"true\" class=\"wp-block-spacer\"><\/div>\n\n\n\n<figure class=\"wp-block-image alignleft size-large is-resized\"><a href=\"https:\/\/gtnugyved.hu\/wp-content\/uploads\/2024\/02\/BGS_7741-1-scaled.jpg\"><img loading=\"lazy\" decoding=\"async\" width=\"681\" height=\"1024\" src=\"https:\/\/gtnugyved.hu\/wp-content\/uploads\/2024\/02\/BGS_7741-1-681x1024.jpg\" alt=\"\" class=\"wp-image-154\" style=\"width:293px;height:auto\" srcset=\"https:\/\/gtnugyved.hu\/wp-content\/uploads\/2024\/02\/BGS_7741-1-681x1024.jpg 681w, https:\/\/gtnugyved.hu\/wp-content\/uploads\/2024\/02\/BGS_7741-1-200x300.jpg 200w, https:\/\/gtnugyved.hu\/wp-content\/uploads\/2024\/02\/BGS_7741-1-768x1154.jpg 768w, https:\/\/gtnugyved.hu\/wp-content\/uploads\/2024\/02\/BGS_7741-1-1022x1536.jpg 1022w, https:\/\/gtnugyved.hu\/wp-content\/uploads\/2024\/02\/BGS_7741-1-1363x2048.jpg 1363w, https:\/\/gtnugyved.hu\/wp-content\/uploads\/2024\/02\/BGS_7741-1-scaled.jpg 1703w\" sizes=\"auto, (max-width: 681px) 100vw, 681px\" \/><\/a><\/figure>\n\n\n\n<blockquote class=\"wp-block-quote is-layout-flow wp-block-quote-is-layout-flow\">\n<p class=\"has-large-font-size\"><strong>Dr. Galg\u00f3czi Zolt\u00e1n<br>\u00fcgyv\u00e9d<\/strong><\/p>\n\n\n\n<p>+ 36 20 923 9469<\/p>\n\n\n\n<p><a href=\"mailto:drgalgoczizoltan@t-online.hu\">drgalgoczizoltan@t-online.hu<\/a><\/p>\n\n\n\n<p>6000 Kecskem\u00e9t, R\u00e1k\u00f3czi \u00fat 6. II\/6.<\/p>\n<\/blockquote>\n\n\n\n<p><\/p>\n\n\n\n<p><\/p>\n\n\n\n<p><\/p>\n\n\n\n<div style=\"height:40px\" aria-hidden=\"true\" class=\"wp-block-spacer\"><\/div>\n\n\n\n<figure class=\"wp-block-image alignright size-large is-resized\"><a href=\"https:\/\/gtnugyved.hu\/wp-content\/uploads\/2024\/02\/Dr-Turkevi-Nagy-Klaudia-ugyved-scaled.jpg\"><img loading=\"lazy\" decoding=\"async\" width=\"716\" height=\"1024\" src=\"http:\/\/gtnugyved.hu\/wp-content\/uploads\/2024\/02\/Dr-Turkevi-Nagy-Klaudia-ugyved-716x1024.jpg\" alt=\"\" class=\"wp-image-155\" style=\"width:293px;height:auto\" srcset=\"https:\/\/gtnugyved.hu\/wp-content\/uploads\/2024\/02\/Dr-Turkevi-Nagy-Klaudia-ugyved-716x1024.jpg 716w, https:\/\/gtnugyved.hu\/wp-content\/uploads\/2024\/02\/Dr-Turkevi-Nagy-Klaudia-ugyved-210x300.jpg 210w, https:\/\/gtnugyved.hu\/wp-content\/uploads\/2024\/02\/Dr-Turkevi-Nagy-Klaudia-ugyved-768x1098.jpg 768w, https:\/\/gtnugyved.hu\/wp-content\/uploads\/2024\/02\/Dr-Turkevi-Nagy-Klaudia-ugyved-1075x1536.jpg 1075w, https:\/\/gtnugyved.hu\/wp-content\/uploads\/2024\/02\/Dr-Turkevi-Nagy-Klaudia-ugyved-1433x2048.jpg 1433w, https:\/\/gtnugyved.hu\/wp-content\/uploads\/2024\/02\/Dr-Turkevi-Nagy-Klaudia-ugyved-scaled.jpg 1791w\" sizes=\"auto, (max-width: 716px) 100vw, 716px\" \/><\/a><\/figure>\n\n\n\n<blockquote class=\"wp-block-quote is-layout-flow wp-block-quote-is-layout-flow\">\n<p class=\"has-large-font-size\"><strong>Dr. Turkevi-Nagy Klaudia<br>\u00fcgyv\u00e9d<\/strong><\/p>\n\n\n\n<p>+ 36 20 343 2883<\/p>\n\n\n\n<p><a href=\"mailto:drtnk@drtnk.hu\">dr.tnagy.klaudia@gmail.com<\/a><\/p>\n\n\n\n<p>6000 Kecskem\u00e9t, R\u00e1k\u00f3czi \u00fat 6. II\/6.<\/p>\n<\/blockquote>\n\n\n\n<p><\/p>\n\n\n\n<p><\/p>\n\n\n\n<p><\/p>\n","protected":false},"excerpt":{"rendered":"<p>Dr. Galg\u00f3czi Zolt\u00e1n\u00fcgyv\u00e9d + 36 20 923 9469 drgalgoczizoltan@t-online.hu 6000 Kecskem\u00e9t, R\u00e1k\u00f3czi \u00fat 6. II\/6. Dr. Turkevi-Nagy Klaudia\u00fcgyv\u00e9d + 36 20 343 2883 dr.tnagy.klaudia@gmail.com 6000 Kecskem\u00e9t, R\u00e1k\u00f3czi \u00fat 6. II\/6.<\/p>\n","protected":false},"author":1,"featured_media":0,"parent":0,"menu_order":0,"comment_status":"closed","ping_status":"closed","template":"","meta":{"footnotes":""},"class_list":["post-9","page","type-page","status-publish","hentry"],"yoast_head":"<!-- This site is optimized with the Yoast SEO plugin v27.5 - https:\/\/yoast.com\/product\/yoast-seo-wordpress\/ -->\n<title>El\u00e9rhet\u0151s\u00e9gek - Galg\u00f3czi \u00e9s Turkevi-Nagy \u00dcgyv\u00e9di T\u00e1rsul\u00e1s<\/title>\n<meta name=\"description\" content=\"Dr. Turkevi-Nagy Klaudia \u00fcgyv\u00e9d 06 20 343 2883 drtnk@drtnk.hu - Dr. Galg\u00f3czi Zolt\u00e1n \u00fcgyv\u00e9d 06 20 923 9469 drgalgoczizoltan@t-online.hu\" \/>\n<meta name=\"robots\" content=\"index, follow, max-snippet:-1, max-image-preview:large, max-video-preview:-1\" \/>\n<link rel=\"canonical\" href=\"https:\/\/gtnugyved.hu\/?page_id=9\" \/>\n<meta property=\"og:locale\" content=\"hu_HU\" \/>\n<meta property=\"og:type\" content=\"article\" \/>\n<meta property=\"og:title\" content=\"El\u00e9rhet\u0151s\u00e9gek - Galg\u00f3czi \u00e9s Turkevi-Nagy \u00dcgyv\u00e9di T\u00e1rsul\u00e1s\" \/>\n<meta property=\"og:description\" content=\"Dr. Turkevi-Nagy Klaudia \u00fcgyv\u00e9d 06 20 343 2883 drtnk@drtnk.hu - Dr. Galg\u00f3czi Zolt\u00e1n \u00fcgyv\u00e9d 06 20 923 9469 drgalgoczizoltan@t-online.hu\" \/>\n<meta property=\"og:url\" content=\"https:\/\/gtnugyved.hu\/?page_id=9\" \/>\n<meta property=\"og:site_name\" content=\"Galg\u00f3czi \u00e9s Turkevi-Nagy \u00dcgyv\u00e9di T\u00e1rsul\u00e1s\" \/>\n<meta property=\"article:publisher\" content=\"https:\/\/www.facebook.com\/drtnklaudia\/\" \/>\n<meta property=\"article:modified_time\" content=\"2025-05-15T08:40:22+00:00\" \/>\n<meta property=\"og:image\" content=\"https:\/\/gtnugyved.hu\/wp-content\/uploads\/2024\/02\/BGS_7741-1-scaled.jpg\" \/>\n\t<meta property=\"og:image:width\" content=\"1703\" \/>\n\t<meta property=\"og:image:height\" content=\"2560\" \/>\n\t<meta property=\"og:image:type\" content=\"image\/jpeg\" \/>\n<meta name=\"twitter:card\" content=\"summary_large_image\" \/>\n<meta name=\"twitter:label1\" content=\"Becs\u00fclt olvas\u00e1si id\u0151\" \/>\n\t<meta name=\"twitter:data1\" content=\"1 perc\" \/>\n<script type=\"application\/ld+json\" class=\"yoast-schema-graph\">{\"@context\":\"https:\\\/\\\/schema.org\",\"@graph\":[{\"@type\":\"WebPage\",\"@id\":\"https:\\\/\\\/gtnugyved.hu\\\/?page_id=9\",\"url\":\"https:\\\/\\\/gtnugyved.hu\\\/?page_id=9\",\"name\":\"El\u00e9rhet\u0151s\u00e9gek - Galg\u00f3czi \u00e9s Turkevi-Nagy \u00dcgyv\u00e9di T\u00e1rsul\u00e1s\",\"isPartOf\":{\"@id\":\"https:\\\/\\\/gtnugyved.hu\\\/#website\"},\"primaryImageOfPage\":{\"@id\":\"https:\\\/\\\/gtnugyved.hu\\\/?page_id=9#primaryimage\"},\"image\":{\"@id\":\"https:\\\/\\\/gtnugyved.hu\\\/?page_id=9#primaryimage\"},\"thumbnailUrl\":\"https:\\\/\\\/gtnugyved.hu\\\/wp-content\\\/uploads\\\/2024\\\/02\\\/BGS_7741-1-681x1024.jpg\",\"datePublished\":\"2024-02-07T21:24:07+00:00\",\"dateModified\":\"2025-05-15T08:40:22+00:00\",\"description\":\"Dr. Turkevi-Nagy Klaudia \u00fcgyv\u00e9d 06 20 343 2883 drtnk@drtnk.hu - Dr. Galg\u00f3czi Zolt\u00e1n \u00fcgyv\u00e9d 06 20 923 9469 drgalgoczizoltan@t-online.hu\",\"breadcrumb\":{\"@id\":\"https:\\\/\\\/gtnugyved.hu\\\/?page_id=9#breadcrumb\"},\"inLanguage\":\"hu\",\"potentialAction\":[{\"@type\":\"ReadAction\",\"target\":[\"https:\\\/\\\/gtnugyved.hu\\\/?page_id=9\"]}]},{\"@type\":\"ImageObject\",\"inLanguage\":\"hu\",\"@id\":\"https:\\\/\\\/gtnugyved.hu\\\/?page_id=9#primaryimage\",\"url\":\"https:\\\/\\\/gtnugyved.hu\\\/wp-content\\\/uploads\\\/2024\\\/02\\\/BGS_7741-1-scaled.jpg\",\"contentUrl\":\"https:\\\/\\\/gtnugyved.hu\\\/wp-content\\\/uploads\\\/2024\\\/02\\\/BGS_7741-1-scaled.jpg\",\"width\":1703,\"height\":2560},{\"@type\":\"BreadcrumbList\",\"@id\":\"https:\\\/\\\/gtnugyved.hu\\\/?page_id=9#breadcrumb\",\"itemListElement\":[{\"@type\":\"ListItem\",\"position\":1,\"name\":\"Kezd\u0151lap\",\"item\":\"https:\\\/\\\/gtnugyved.hu\\\/\"},{\"@type\":\"ListItem\",\"position\":2,\"name\":\"El\u00e9rhet\u0151s\u00e9gek\"}]},{\"@type\":\"WebSite\",\"@id\":\"https:\\\/\\\/gtnugyved.hu\\\/#website\",\"url\":\"https:\\\/\\\/gtnugyved.hu\\\/\",\"name\":\"Galg\u00f3czi \u00e9s Turkevi-Nagy \u00dcgyv\u00e9di T\u00e1rsul\u00e1s\",\"description\":\"\",\"publisher\":{\"@id\":\"https:\\\/\\\/gtnugyved.hu\\\/#organization\"},\"potentialAction\":[{\"@type\":\"SearchAction\",\"target\":{\"@type\":\"EntryPoint\",\"urlTemplate\":\"https:\\\/\\\/gtnugyved.hu\\\/?s={search_term_string}\"},\"query-input\":{\"@type\":\"PropertyValueSpecification\",\"valueRequired\":true,\"valueName\":\"search_term_string\"}}],\"inLanguage\":\"hu\"},{\"@type\":\"Organization\",\"@id\":\"https:\\\/\\\/gtnugyved.hu\\\/#organization\",\"name\":\"Galg\u00f3czi \u00e9s Turkevi-Nagy \u00dcgyv\u00e9di T\u00e1rsul\u00e1s\",\"url\":\"https:\\\/\\\/gtnugyved.hu\\\/\",\"logo\":{\"@type\":\"ImageObject\",\"inLanguage\":\"hu\",\"@id\":\"https:\\\/\\\/gtnugyved.hu\\\/#\\\/schema\\\/logo\\\/image\\\/\",\"url\":\"https:\\\/\\\/gtnugyved.hu\\\/wp-content\\\/uploads\\\/2024\\\/01\\\/GTN-logo-2-2.png\",\"contentUrl\":\"https:\\\/\\\/gtnugyved.hu\\\/wp-content\\\/uploads\\\/2024\\\/01\\\/GTN-logo-2-2.png\",\"width\":500,\"height\":500,\"caption\":\"Galg\u00f3czi \u00e9s Turkevi-Nagy \u00dcgyv\u00e9di T\u00e1rsul\u00e1s\"},\"image\":{\"@id\":\"https:\\\/\\\/gtnugyved.hu\\\/#\\\/schema\\\/logo\\\/image\\\/\"},\"sameAs\":[\"https:\\\/\\\/www.facebook.com\\\/drtnklaudia\\\/\"]}]}<\/script>\n<!-- \/ Yoast SEO plugin. -->","yoast_head_json":{"title":"El\u00e9rhet\u0151s\u00e9gek - Galg\u00f3czi \u00e9s Turkevi-Nagy \u00dcgyv\u00e9di T\u00e1rsul\u00e1s","description":"Dr. Turkevi-Nagy Klaudia \u00fcgyv\u00e9d 06 20 343 2883 drtnk@drtnk.hu - Dr. Galg\u00f3czi Zolt\u00e1n \u00fcgyv\u00e9d 06 20 923 9469 drgalgoczizoltan@t-online.hu","robots":{"index":"index","follow":"follow","max-snippet":"max-snippet:-1","max-image-preview":"max-image-preview:large","max-video-preview":"max-video-preview:-1"},"canonical":"https:\/\/gtnugyved.hu\/?page_id=9","og_locale":"hu_HU","og_type":"article","og_title":"El\u00e9rhet\u0151s\u00e9gek - Galg\u00f3czi \u00e9s Turkevi-Nagy \u00dcgyv\u00e9di T\u00e1rsul\u00e1s","og_description":"Dr. Turkevi-Nagy Klaudia \u00fcgyv\u00e9d 06 20 343 2883 drtnk@drtnk.hu - Dr. Galg\u00f3czi Zolt\u00e1n \u00fcgyv\u00e9d 06 20 923 9469 drgalgoczizoltan@t-online.hu","og_url":"https:\/\/gtnugyved.hu\/?page_id=9","og_site_name":"Galg\u00f3czi \u00e9s Turkevi-Nagy \u00dcgyv\u00e9di T\u00e1rsul\u00e1s","article_publisher":"https:\/\/www.facebook.com\/drtnklaudia\/","article_modified_time":"2025-05-15T08:40:22+00:00","og_image":[{"width":1703,"height":2560,"url":"https:\/\/gtnugyved.hu\/wp-content\/uploads\/2024\/02\/BGS_7741-1-scaled.jpg","type":"image\/jpeg"}],"twitter_card":"summary_large_image","twitter_misc":{"Becs\u00fclt olvas\u00e1si id\u0151":"1 perc"},"schema":{"@context":"https:\/\/schema.org","@graph":[{"@type":"WebPage","@id":"https:\/\/gtnugyved.hu\/?page_id=9","url":"https:\/\/gtnugyved.hu\/?page_id=9","name":"El\u00e9rhet\u0151s\u00e9gek - Galg\u00f3czi \u00e9s Turkevi-Nagy \u00dcgyv\u00e9di T\u00e1rsul\u00e1s","isPartOf":{"@id":"https:\/\/gtnugyved.hu\/#website"},"primaryImageOfPage":{"@id":"https:\/\/gtnugyved.hu\/?page_id=9#primaryimage"},"image":{"@id":"https:\/\/gtnugyved.hu\/?page_id=9#primaryimage"},"thumbnailUrl":"https:\/\/gtnugyved.hu\/wp-content\/uploads\/2024\/02\/BGS_7741-1-681x1024.jpg","datePublished":"2024-02-07T21:24:07+00:00","dateModified":"2025-05-15T08:40:22+00:00","description":"Dr. Turkevi-Nagy Klaudia \u00fcgyv\u00e9d 06 20 343 2883 drtnk@drtnk.hu - Dr. Galg\u00f3czi Zolt\u00e1n \u00fcgyv\u00e9d 06 20 923 9469 drgalgoczizoltan@t-online.hu","breadcrumb":{"@id":"https:\/\/gtnugyved.hu\/?page_id=9#breadcrumb"},"inLanguage":"hu","potentialAction":[{"@type":"ReadAction","target":["https:\/\/gtnugyved.hu\/?page_id=9"]}]},{"@type":"ImageObject","inLanguage":"hu","@id":"https:\/\/gtnugyved.hu\/?page_id=9#primaryimage","url":"https:\/\/gtnugyved.hu\/wp-content\/uploads\/2024\/02\/BGS_7741-1-scaled.jpg","contentUrl":"https:\/\/gtnugyved.hu\/wp-content\/uploads\/2024\/02\/BGS_7741-1-scaled.jpg","width":1703,"height":2560},{"@type":"BreadcrumbList","@id":"https:\/\/gtnugyved.hu\/?page_id=9#breadcrumb","itemListElement":[{"@type":"ListItem","position":1,"name":"Kezd\u0151lap","item":"https:\/\/gtnugyved.hu\/"},{"@type":"ListItem","position":2,"name":"El\u00e9rhet\u0151s\u00e9gek"}]},{"@type":"WebSite","@id":"https:\/\/gtnugyved.hu\/#website","url":"https:\/\/gtnugyved.hu\/","name":"Galg\u00f3czi \u00e9s Turkevi-Nagy \u00dcgyv\u00e9di T\u00e1rsul\u00e1s","description":"","publisher":{"@id":"https:\/\/gtnugyved.hu\/#organization"},"potentialAction":[{"@type":"SearchAction","target":{"@type":"EntryPoint","urlTemplate":"https:\/\/gtnugyved.hu\/?s={search_term_string}"},"query-input":{"@type":"PropertyValueSpecification","valueRequired":true,"valueName":"search_term_string"}}],"inLanguage":"hu"},{"@type":"Organization","@id":"https:\/\/gtnugyved.hu\/#organization","name":"Galg\u00f3czi \u00e9s Turkevi-Nagy \u00dcgyv\u00e9di T\u00e1rsul\u00e1s","url":"https:\/\/gtnugyved.hu\/","logo":{"@type":"ImageObject","inLanguage":"hu","@id":"https:\/\/gtnugyved.hu\/#\/schema\/logo\/image\/","url":"https:\/\/gtnugyved.hu\/wp-content\/uploads\/2024\/01\/GTN-logo-2-2.png","contentUrl":"https:\/\/gtnugyved.hu\/wp-content\/uploads\/2024\/01\/GTN-logo-2-2.png","width":500,"height":500,"caption":"Galg\u00f3czi \u00e9s Turkevi-Nagy \u00dcgyv\u00e9di T\u00e1rsul\u00e1s"},"image":{"@id":"https:\/\/gtnugyved.hu\/#\/schema\/logo\/image\/"},"sameAs":["https:\/\/www.facebook.com\/drtnklaudia\/"]}]}},"_links":{"self":[{"href":"https:\/\/gtnugyved.hu\/index.php?rest_route=\/wp\/v2\/pages\/9","targetHints":{"allow":["GET"]}}],"collection":[{"href":"https:\/\/gtnugyved.hu\/index.php?rest_route=\/wp\/v2\/pages"}],"about":[{"href":"https:\/\/gtnugyved.hu\/index.php?rest_route=\/wp\/v2\/types\/page"}],"author":[{"embeddable":true,"href":"https:\/\/gtnugyved.hu\/index.php?rest_route=\/wp\/v2\/users\/1"}],"replies":[{"embeddable":true,"href":"https:\/\/gtnugyved.hu\/index.php?rest_route=%2Fwp%2Fv2%2Fcomments&post=9"}],"version-history":[{"count":9,"href":"https:\/\/gtnugyved.hu\/index.php?rest_route=\/wp\/v2\/pages\/9\/revisions"}],"predecessor-version":[{"id":187,"href":"https:\/\/gtnugyved.hu\/index.php?rest_route=\/wp\/v2\/pages\/9\/revisions\/187"}],"wp:attachment":[{"href":"https:\/\/gtnugyved.hu\/index.php?rest_route=%2Fwp%2Fv2%2Fmedia&parent=9"}],"curies":[{"name":"wp","href":"https:\/\/api.w.org\/{rel}","templated":true}]}}