{"id":136,"date":"2024-02-07T21:36:26","date_gmt":"2024-02-07T20:36:26","guid":{"rendered":"https:\/\/gtnugyved.hu\/?page_id=136"},"modified":"2025-05-15T10:39:41","modified_gmt":"2025-05-15T08:39:41","slug":"dr-turkevi-nagy-klaudia-ugyved-kecskemet-bunteto-csaladjog-vegrehajtas","status":"publish","type":"page","link":"https:\/\/gtnugyved.hu\/?page_id=136","title":{"rendered":"Dr. Turkevi-Nagy Klaudia &#8211; \u00fcgyv\u00e9d, k\u00f6zgazd\u00e1sz"},"content":{"rendered":"\n<div class=\"wp-block-media-text is-stacked-on-mobile\"><figure class=\"wp-block-media-text__media\"><a href=\"https:\/\/gtnugyved.hu\/wp-content\/uploads\/2024\/02\/Dr-Turkevi-Nagy-Klaudia.png\"><img loading=\"lazy\" decoding=\"async\" width=\"659\" height=\"1024\" src=\"https:\/\/gtnugyved.hu\/wp-content\/uploads\/2024\/02\/Dr-Turkevi-Nagy-Klaudia-659x1024.png\" alt=\"\" class=\"wp-image-137 size-full\" srcset=\"https:\/\/gtnugyved.hu\/wp-content\/uploads\/2024\/02\/Dr-Turkevi-Nagy-Klaudia-659x1024.png 659w, https:\/\/gtnugyved.hu\/wp-content\/uploads\/2024\/02\/Dr-Turkevi-Nagy-Klaudia-193x300.png 193w, https:\/\/gtnugyved.hu\/wp-content\/uploads\/2024\/02\/Dr-Turkevi-Nagy-Klaudia-768x1193.png 768w, https:\/\/gtnugyved.hu\/wp-content\/uploads\/2024\/02\/Dr-Turkevi-Nagy-Klaudia-989x1536.png 989w, https:\/\/gtnugyved.hu\/wp-content\/uploads\/2024\/02\/Dr-Turkevi-Nagy-Klaudia-1319x2048.png 1319w\" sizes=\"auto, (max-width: 659px) 100vw, 659px\" \/><\/a><\/figure><div class=\"wp-block-media-text__content\">\n<p class=\"has-large-font-size\" style=\"padding-top:0;padding-right:0;padding-bottom:0;padding-left:0\"><strong>Kiemelt jogter\u00fcletek:<\/strong><br>&#8211; felsz\u00e1mol\u00e1s,<br>&#8211; k\u00f6vetel\u00e9skezel\u00e9s,<br>&#8211; v\u00e9grehajt\u00e1s,<br>&#8211; polg\u00e1ri peres k\u00e9pviselet,<br>&#8211; csal\u00e1djog,<br>&#8211; ingatlanjog,<br>&#8211; t\u00e1rsas\u00e1gi jog.<\/p>\n\n\n\n<p><\/p>\n\n\n\n<p><\/p>\n\n\n\n<p><\/p>\n<\/div><\/div>\n\n\n\n<p><\/p>\n\n\n\n<blockquote class=\"wp-block-quote is-layout-flow wp-block-quote-is-layout-flow\">\n<p>Dr. Turkevi-Nagy Klaudia<br>\u00fcgyv\u00e9d<\/p>\n\n\n\n<p>+ 36 20 343 2883<\/p>\n\n\n\n<p><a href=\"mailto:drtnk@drtnk.hu\">dr.tnagy.klaudia@gmail.com<\/a><\/p>\n\n\n\n<p>6000 Kecskem\u00e9t, R\u00e1k\u00f3czi \u00fat 6. II\/6.<\/p>\n<\/blockquote>\n\n\n\n<p><\/p>\n\n\n\n<p><\/p>\n","protected":false},"excerpt":{"rendered":"<p>Kiemelt jogter\u00fcletek:&#8211; felsz\u00e1mol\u00e1s,&#8211; k\u00f6vetel\u00e9skezel\u00e9s,&#8211; v\u00e9grehajt\u00e1s,&#8211; polg\u00e1ri peres k\u00e9pviselet,&#8211; csal\u00e1djog,&#8211; ingatlanjog,&#8211; t\u00e1rsas\u00e1gi jog. Dr. Turkevi-Nagy Klaudia\u00fcgyv\u00e9d + 36 20 343 2883 dr.tnagy.klaudia@gmail.com 6000 Kecskem\u00e9t, R\u00e1k\u00f3czi \u00fat 6. II\/6.<\/p>\n","protected":false},"author":1,"featured_media":0,"parent":0,"menu_order":0,"comment_status":"closed","ping_status":"closed","template":"","meta":{"footnotes":""},"class_list":["post-136","page","type-page","status-publish","hentry"],"yoast_head":"<!-- This site is optimized with the Yoast SEO plugin v27.5 - https:\/\/yoast.com\/product\/yoast-seo-wordpress\/ -->\n<title>Dr. Turkevi-Nagy Klaudia - \u00fcgyv\u00e9d, k\u00f6zgazd\u00e1sz - Galg\u00f3czi \u00e9s Turkevi-Nagy \u00dcgyv\u00e9di T\u00e1rsul\u00e1s<\/title>\n<meta name=\"description\" content=\"Dr. Turkevi-Nagy Klaudia \u00fcgyv\u00e9d, k\u00f6zgazd\u00e1sz Kecskem\u00e9t \u2013 felsz\u00e1mol\u00e1s, k\u00f6vetel\u00e9skezel\u00e9s, v\u00e9grehajt\u00e1s, csal\u00e1djog, vagyonjog, ingatlanjog\" \/>\n<meta name=\"robots\" content=\"index, follow, max-snippet:-1, max-image-preview:large, max-video-preview:-1\" \/>\n<link rel=\"canonical\" href=\"https:\/\/gtnugyved.hu\/?page_id=136\" \/>\n<meta property=\"og:locale\" content=\"hu_HU\" \/>\n<meta property=\"og:type\" content=\"article\" \/>\n<meta property=\"og:title\" content=\"Dr. Turkevi-Nagy Klaudia - \u00fcgyv\u00e9d, k\u00f6zgazd\u00e1sz - Galg\u00f3czi \u00e9s Turkevi-Nagy \u00dcgyv\u00e9di T\u00e1rsul\u00e1s\" \/>\n<meta property=\"og:description\" content=\"Dr. Turkevi-Nagy Klaudia \u00fcgyv\u00e9d, k\u00f6zgazd\u00e1sz Kecskem\u00e9t \u2013 felsz\u00e1mol\u00e1s, k\u00f6vetel\u00e9skezel\u00e9s, v\u00e9grehajt\u00e1s, csal\u00e1djog, vagyonjog, ingatlanjog\" \/>\n<meta property=\"og:url\" content=\"https:\/\/gtnugyved.hu\/?page_id=136\" \/>\n<meta property=\"og:site_name\" content=\"Galg\u00f3czi \u00e9s Turkevi-Nagy \u00dcgyv\u00e9di T\u00e1rsul\u00e1s\" \/>\n<meta property=\"article:publisher\" content=\"https:\/\/www.facebook.com\/drtnklaudia\/\" \/>\n<meta property=\"article:modified_time\" content=\"2025-05-15T08:39:41+00:00\" \/>\n<meta property=\"og:image\" content=\"https:\/\/gtnugyved.hu\/wp-content\/uploads\/2024\/02\/Dr-Turkevi-Nagy-Klaudia-659x1024.png\" \/>\n\t<meta property=\"og:image:width\" content=\"659\" \/>\n\t<meta property=\"og:image:height\" content=\"1024\" \/>\n\t<meta property=\"og:image:type\" content=\"image\/png\" \/>\n<meta name=\"twitter:card\" content=\"summary_large_image\" \/>\n<meta name=\"twitter:label1\" content=\"Becs\u00fclt olvas\u00e1si id\u0151\" \/>\n\t<meta name=\"twitter:data1\" content=\"1 perc\" \/>\n<script type=\"application\/ld+json\" class=\"yoast-schema-graph\">{\"@context\":\"https:\\\/\\\/schema.org\",\"@graph\":[{\"@type\":\"WebPage\",\"@id\":\"https:\\\/\\\/gtnugyved.hu\\\/?page_id=136\",\"url\":\"https:\\\/\\\/gtnugyved.hu\\\/?page_id=136\",\"name\":\"Dr. Turkevi-Nagy Klaudia - \u00fcgyv\u00e9d, k\u00f6zgazd\u00e1sz - Galg\u00f3czi \u00e9s Turkevi-Nagy \u00dcgyv\u00e9di T\u00e1rsul\u00e1s\",\"isPartOf\":{\"@id\":\"https:\\\/\\\/gtnugyved.hu\\\/#website\"},\"primaryImageOfPage\":{\"@id\":\"https:\\\/\\\/gtnugyved.hu\\\/?page_id=136#primaryimage\"},\"image\":{\"@id\":\"https:\\\/\\\/gtnugyved.hu\\\/?page_id=136#primaryimage\"},\"thumbnailUrl\":\"https:\\\/\\\/gtnugyved.hu\\\/wp-content\\\/uploads\\\/2024\\\/02\\\/Dr-Turkevi-Nagy-Klaudia-659x1024.png\",\"datePublished\":\"2024-02-07T20:36:26+00:00\",\"dateModified\":\"2025-05-15T08:39:41+00:00\",\"description\":\"Dr. Turkevi-Nagy Klaudia \u00fcgyv\u00e9d, k\u00f6zgazd\u00e1sz Kecskem\u00e9t \u2013 felsz\u00e1mol\u00e1s, k\u00f6vetel\u00e9skezel\u00e9s, v\u00e9grehajt\u00e1s, csal\u00e1djog, vagyonjog, ingatlanjog\",\"breadcrumb\":{\"@id\":\"https:\\\/\\\/gtnugyved.hu\\\/?page_id=136#breadcrumb\"},\"inLanguage\":\"hu\",\"potentialAction\":[{\"@type\":\"ReadAction\",\"target\":[\"https:\\\/\\\/gtnugyved.hu\\\/?page_id=136\"]}]},{\"@type\":\"ImageObject\",\"inLanguage\":\"hu\",\"@id\":\"https:\\\/\\\/gtnugyved.hu\\\/?page_id=136#primaryimage\",\"url\":\"https:\\\/\\\/gtnugyved.hu\\\/wp-content\\\/uploads\\\/2024\\\/02\\\/Dr-Turkevi-Nagy-Klaudia.png\",\"contentUrl\":\"https:\\\/\\\/gtnugyved.hu\\\/wp-content\\\/uploads\\\/2024\\\/02\\\/Dr-Turkevi-Nagy-Klaudia.png\",\"width\":3507,\"height\":5447,\"caption\":\"Dr Turkevi Nagy Klaudia \u00fcgyv\u00e9d\"},{\"@type\":\"BreadcrumbList\",\"@id\":\"https:\\\/\\\/gtnugyved.hu\\\/?page_id=136#breadcrumb\",\"itemListElement\":[{\"@type\":\"ListItem\",\"position\":1,\"name\":\"Kezd\u0151lap\",\"item\":\"https:\\\/\\\/gtnugyved.hu\\\/\"},{\"@type\":\"ListItem\",\"position\":2,\"name\":\"Dr. Turkevi-Nagy Klaudia &#8211; \u00fcgyv\u00e9d, k\u00f6zgazd\u00e1sz\"}]},{\"@type\":\"WebSite\",\"@id\":\"https:\\\/\\\/gtnugyved.hu\\\/#website\",\"url\":\"https:\\\/\\\/gtnugyved.hu\\\/\",\"name\":\"Galg\u00f3czi \u00e9s Turkevi-Nagy \u00dcgyv\u00e9di T\u00e1rsul\u00e1s\",\"description\":\"\",\"publisher\":{\"@id\":\"https:\\\/\\\/gtnugyved.hu\\\/#organization\"},\"potentialAction\":[{\"@type\":\"SearchAction\",\"target\":{\"@type\":\"EntryPoint\",\"urlTemplate\":\"https:\\\/\\\/gtnugyved.hu\\\/?s={search_term_string}\"},\"query-input\":{\"@type\":\"PropertyValueSpecification\",\"valueRequired\":true,\"valueName\":\"search_term_string\"}}],\"inLanguage\":\"hu\"},{\"@type\":\"Organization\",\"@id\":\"https:\\\/\\\/gtnugyved.hu\\\/#organization\",\"name\":\"Galg\u00f3czi \u00e9s Turkevi-Nagy \u00dcgyv\u00e9di T\u00e1rsul\u00e1s\",\"url\":\"https:\\\/\\\/gtnugyved.hu\\\/\",\"logo\":{\"@type\":\"ImageObject\",\"inLanguage\":\"hu\",\"@id\":\"https:\\\/\\\/gtnugyved.hu\\\/#\\\/schema\\\/logo\\\/image\\\/\",\"url\":\"https:\\\/\\\/gtnugyved.hu\\\/wp-content\\\/uploads\\\/2024\\\/01\\\/GTN-logo-2-2.png\",\"contentUrl\":\"https:\\\/\\\/gtnugyved.hu\\\/wp-content\\\/uploads\\\/2024\\\/01\\\/GTN-logo-2-2.png\",\"width\":500,\"height\":500,\"caption\":\"Galg\u00f3czi \u00e9s Turkevi-Nagy \u00dcgyv\u00e9di T\u00e1rsul\u00e1s\"},\"image\":{\"@id\":\"https:\\\/\\\/gtnugyved.hu\\\/#\\\/schema\\\/logo\\\/image\\\/\"},\"sameAs\":[\"https:\\\/\\\/www.facebook.com\\\/drtnklaudia\\\/\"]}]}<\/script>\n<!-- \/ Yoast SEO plugin. -->","yoast_head_json":{"title":"Dr. Turkevi-Nagy Klaudia - \u00fcgyv\u00e9d, k\u00f6zgazd\u00e1sz - Galg\u00f3czi \u00e9s Turkevi-Nagy \u00dcgyv\u00e9di T\u00e1rsul\u00e1s","description":"Dr. Turkevi-Nagy Klaudia \u00fcgyv\u00e9d, k\u00f6zgazd\u00e1sz Kecskem\u00e9t \u2013 felsz\u00e1mol\u00e1s, k\u00f6vetel\u00e9skezel\u00e9s, v\u00e9grehajt\u00e1s, csal\u00e1djog, vagyonjog, ingatlanjog","robots":{"index":"index","follow":"follow","max-snippet":"max-snippet:-1","max-image-preview":"max-image-preview:large","max-video-preview":"max-video-preview:-1"},"canonical":"https:\/\/gtnugyved.hu\/?page_id=136","og_locale":"hu_HU","og_type":"article","og_title":"Dr. Turkevi-Nagy Klaudia - \u00fcgyv\u00e9d, k\u00f6zgazd\u00e1sz - Galg\u00f3czi \u00e9s Turkevi-Nagy \u00dcgyv\u00e9di T\u00e1rsul\u00e1s","og_description":"Dr. Turkevi-Nagy Klaudia \u00fcgyv\u00e9d, k\u00f6zgazd\u00e1sz Kecskem\u00e9t \u2013 felsz\u00e1mol\u00e1s, k\u00f6vetel\u00e9skezel\u00e9s, v\u00e9grehajt\u00e1s, csal\u00e1djog, vagyonjog, ingatlanjog","og_url":"https:\/\/gtnugyved.hu\/?page_id=136","og_site_name":"Galg\u00f3czi \u00e9s Turkevi-Nagy \u00dcgyv\u00e9di T\u00e1rsul\u00e1s","article_publisher":"https:\/\/www.facebook.com\/drtnklaudia\/","article_modified_time":"2025-05-15T08:39:41+00:00","og_image":[{"width":659,"height":1024,"url":"https:\/\/gtnugyved.hu\/wp-content\/uploads\/2024\/02\/Dr-Turkevi-Nagy-Klaudia-659x1024.png","type":"image\/png"}],"twitter_card":"summary_large_image","twitter_misc":{"Becs\u00fclt olvas\u00e1si id\u0151":"1 perc"},"schema":{"@context":"https:\/\/schema.org","@graph":[{"@type":"WebPage","@id":"https:\/\/gtnugyved.hu\/?page_id=136","url":"https:\/\/gtnugyved.hu\/?page_id=136","name":"Dr. Turkevi-Nagy Klaudia - \u00fcgyv\u00e9d, k\u00f6zgazd\u00e1sz - Galg\u00f3czi \u00e9s Turkevi-Nagy \u00dcgyv\u00e9di T\u00e1rsul\u00e1s","isPartOf":{"@id":"https:\/\/gtnugyved.hu\/#website"},"primaryImageOfPage":{"@id":"https:\/\/gtnugyved.hu\/?page_id=136#primaryimage"},"image":{"@id":"https:\/\/gtnugyved.hu\/?page_id=136#primaryimage"},"thumbnailUrl":"https:\/\/gtnugyved.hu\/wp-content\/uploads\/2024\/02\/Dr-Turkevi-Nagy-Klaudia-659x1024.png","datePublished":"2024-02-07T20:36:26+00:00","dateModified":"2025-05-15T08:39:41+00:00","description":"Dr. Turkevi-Nagy Klaudia \u00fcgyv\u00e9d, k\u00f6zgazd\u00e1sz Kecskem\u00e9t \u2013 felsz\u00e1mol\u00e1s, k\u00f6vetel\u00e9skezel\u00e9s, v\u00e9grehajt\u00e1s, csal\u00e1djog, vagyonjog, ingatlanjog","breadcrumb":{"@id":"https:\/\/gtnugyved.hu\/?page_id=136#breadcrumb"},"inLanguage":"hu","potentialAction":[{"@type":"ReadAction","target":["https:\/\/gtnugyved.hu\/?page_id=136"]}]},{"@type":"ImageObject","inLanguage":"hu","@id":"https:\/\/gtnugyved.hu\/?page_id=136#primaryimage","url":"https:\/\/gtnugyved.hu\/wp-content\/uploads\/2024\/02\/Dr-Turkevi-Nagy-Klaudia.png","contentUrl":"https:\/\/gtnugyved.hu\/wp-content\/uploads\/2024\/02\/Dr-Turkevi-Nagy-Klaudia.png","width":3507,"height":5447,"caption":"Dr Turkevi Nagy Klaudia \u00fcgyv\u00e9d"},{"@type":"BreadcrumbList","@id":"https:\/\/gtnugyved.hu\/?page_id=136#breadcrumb","itemListElement":[{"@type":"ListItem","position":1,"name":"Kezd\u0151lap","item":"https:\/\/gtnugyved.hu\/"},{"@type":"ListItem","position":2,"name":"Dr. Turkevi-Nagy Klaudia &#8211; \u00fcgyv\u00e9d, k\u00f6zgazd\u00e1sz"}]},{"@type":"WebSite","@id":"https:\/\/gtnugyved.hu\/#website","url":"https:\/\/gtnugyved.hu\/","name":"Galg\u00f3czi \u00e9s Turkevi-Nagy \u00dcgyv\u00e9di T\u00e1rsul\u00e1s","description":"","publisher":{"@id":"https:\/\/gtnugyved.hu\/#organization"},"potentialAction":[{"@type":"SearchAction","target":{"@type":"EntryPoint","urlTemplate":"https:\/\/gtnugyved.hu\/?s={search_term_string}"},"query-input":{"@type":"PropertyValueSpecification","valueRequired":true,"valueName":"search_term_string"}}],"inLanguage":"hu"},{"@type":"Organization","@id":"https:\/\/gtnugyved.hu\/#organization","name":"Galg\u00f3czi \u00e9s Turkevi-Nagy \u00dcgyv\u00e9di T\u00e1rsul\u00e1s","url":"https:\/\/gtnugyved.hu\/","logo":{"@type":"ImageObject","inLanguage":"hu","@id":"https:\/\/gtnugyved.hu\/#\/schema\/logo\/image\/","url":"https:\/\/gtnugyved.hu\/wp-content\/uploads\/2024\/01\/GTN-logo-2-2.png","contentUrl":"https:\/\/gtnugyved.hu\/wp-content\/uploads\/2024\/01\/GTN-logo-2-2.png","width":500,"height":500,"caption":"Galg\u00f3czi \u00e9s Turkevi-Nagy \u00dcgyv\u00e9di T\u00e1rsul\u00e1s"},"image":{"@id":"https:\/\/gtnugyved.hu\/#\/schema\/logo\/image\/"},"sameAs":["https:\/\/www.facebook.com\/drtnklaudia\/"]}]}},"_links":{"self":[{"href":"https:\/\/gtnugyved.hu\/index.php?rest_route=\/wp\/v2\/pages\/136","targetHints":{"allow":["GET"]}}],"collection":[{"href":"https:\/\/gtnugyved.hu\/index.php?rest_route=\/wp\/v2\/pages"}],"about":[{"href":"https:\/\/gtnugyved.hu\/index.php?rest_route=\/wp\/v2\/types\/page"}],"author":[{"embeddable":true,"href":"https:\/\/gtnugyved.hu\/index.php?rest_route=\/wp\/v2\/users\/1"}],"replies":[{"embeddable":true,"href":"https:\/\/gtnugyved.hu\/index.php?rest_route=%2Fwp%2Fv2%2Fcomments&post=136"}],"version-history":[{"count":6,"href":"https:\/\/gtnugyved.hu\/index.php?rest_route=\/wp\/v2\/pages\/136\/revisions"}],"predecessor-version":[{"id":186,"href":"https:\/\/gtnugyved.hu\/index.php?rest_route=\/wp\/v2\/pages\/136\/revisions\/186"}],"wp:attachment":[{"href":"https:\/\/gtnugyved.hu\/index.php?rest_route=%2Fwp%2Fv2%2Fmedia&parent=136"}],"curies":[{"name":"wp","href":"https:\/\/api.w.org\/{rel}","templated":true}]}}